{"id":17,"date":"2026-02-06T10:32:59","date_gmt":"2026-02-06T09:32:59","guid":{"rendered":"https:\/\/buerostuhl-schweinfurt.de\/?page_id=17"},"modified":"2026-02-12T14:18:18","modified_gmt":"2026-02-12T13:18:18","slug":"sitwell-steifensand","status":"publish","type":"page","link":"https:\/\/buerostuhl-schweinfurt.de\/?page_id=17","title":{"rendered":"\u00dcber SITWELL\u00ae STEIFENSAND"},"content":{"rendered":"\n\n\n\n<style>.kb-row-layout-id17_f93a52-3a > .kt-row-column-wrap{align-content:start;}:where(.kb-row-layout-id17_f93a52-3a > .kt-row-column-wrap) > .wp-block-kadence-column{justify-content:start;}.kb-row-layout-id17_f93a52-3a > .kt-row-column-wrap{column-gap:var(--global-kb-gap-md, 2rem);row-gap:var(--global-kb-gap-md, 2rem);max-width:var( --global-content-width, 1290px );padding-left:var(--global-content-edge-padding);padding-right:var(--global-content-edge-padding);padding-top:var(--global-kb-spacing-md, 2rem);padding-bottom:var(--global-kb-spacing-md, 2rem);grid-template-columns:minmax(0, 1fr);}.kb-row-layout-id17_f93a52-3a > .kt-row-layout-overlay{opacity:0.30;}@media all and (max-width: 1024px){.kb-row-layout-id17_f93a52-3a > .kt-row-column-wrap{grid-template-columns:minmax(0, 1fr);}}@media all and (max-width: 767px){.kb-row-layout-id17_f93a52-3a > .kt-row-column-wrap{grid-template-columns:minmax(0, 1fr);}}<\/style><div class=\"kb-row-layout-wrap kb-row-layout-id17_f93a52-3a alignfull has-theme-palette8-background-color kt-row-has-bg wp-block-kadence-rowlayout\" id=\"popular\"><div class=\"kt-row-column-wrap kt-has-1-columns kt-row-layout-equal kt-tab-layout-inherit kt-mobile-layout-row kt-row-valign-top kb-theme-content-width\">\n<style>.kadence-column17_dbdcc1-4a > .kt-inside-inner-col,.kadence-column17_dbdcc1-4a > .kt-inside-inner-col:before{border-top-left-radius:0px;border-top-right-radius:0px;border-bottom-right-radius:0px;border-bottom-left-radius:0px;}.kadence-column17_dbdcc1-4a > .kt-inside-inner-col{column-gap:var(--global-kb-gap-sm, 1rem);}.kadence-column17_dbdcc1-4a > .kt-inside-inner-col{flex-direction:column;}.kadence-column17_dbdcc1-4a > .kt-inside-inner-col > .aligncenter{width:100%;}.kadence-column17_dbdcc1-4a > .kt-inside-inner-col:before{opacity:0.3;}.kadence-column17_dbdcc1-4a{position:relative;}@media all and (max-width: 1024px){.kadence-column17_dbdcc1-4a > .kt-inside-inner-col{flex-direction:column;justify-content:center;}}@media all and (max-width: 767px){.kadence-column17_dbdcc1-4a > .kt-inside-inner-col{flex-direction:column;justify-content:center;}}<\/style>\n<div class=\"wp-block-kadence-column kadence-column17_dbdcc1-4a inner-column-1\"><div class=\"kt-inside-inner-col\"><style>.kb-image17_62ba5b-88 .kb-image-has-overlay:after{opacity:0.3;}<\/style>\n<figure class=\"wp-block-kadence-image kb-image17_62ba5b-88 alignfull size-full\"><a href=\"https:\/\/www.sitwell.de\/\" class=\"kb-advanced-image-link\"><img loading=\"lazy\" decoding=\"async\" width=\"1920\" height=\"401\" src=\"https:\/\/buerostuhl-schweinfurt.de\/wp-content\/uploads\/2026\/02\/sitwell_steifensand_oeffnungszeiten_werksverkauf-1.jpg\" alt=\"Sitwell Steifensand \u00d6ffnungszeiten Werksverkauf\" class=\"kb-img wp-image-186\" srcset=\"https:\/\/buerostuhl-schweinfurt.de\/wp-content\/uploads\/2026\/02\/sitwell_steifensand_oeffnungszeiten_werksverkauf-1.jpg 1920w, https:\/\/buerostuhl-schweinfurt.de\/wp-content\/uploads\/2026\/02\/sitwell_steifensand_oeffnungszeiten_werksverkauf-1-300x63.jpg 300w, https:\/\/buerostuhl-schweinfurt.de\/wp-content\/uploads\/2026\/02\/sitwell_steifensand_oeffnungszeiten_werksverkauf-1-1024x214.jpg 1024w, https:\/\/buerostuhl-schweinfurt.de\/wp-content\/uploads\/2026\/02\/sitwell_steifensand_oeffnungszeiten_werksverkauf-1-768x160.jpg 768w, https:\/\/buerostuhl-schweinfurt.de\/wp-content\/uploads\/2026\/02\/sitwell_steifensand_oeffnungszeiten_werksverkauf-1-1536x321.jpg 1536w\" sizes=\"auto, (max-width: 1920px) 100vw, 1920px\" \/><\/a><\/figure>\n<\/div><\/div>\n\n<\/div><\/div>\n\n<style>.kb-row-layout-id17_4a031c-d7 > .kt-row-column-wrap{align-content:start;}:where(.kb-row-layout-id17_4a031c-d7 > .kt-row-column-wrap) > .wp-block-kadence-column{justify-content:start;}.kb-row-layout-id17_4a031c-d7 > .kt-row-column-wrap{column-gap:var(--global-kb-gap-sm, 1rem);row-gap:var(--global-kb-gap-md, 2rem);max-width:var( --global-content-width, 1290px );padding-left:var(--global-content-edge-padding);padding-right:var(--global-content-edge-padding);padding-top:36px;padding-bottom:100px;grid-template-columns:repeat(2, minmax(0, 1fr));}.kb-row-layout-id17_4a031c-d7{background-image:url('undefined');background-size:cover;background-position:center center;background-attachment:scroll;background-repeat:no-repeat;}.kb-row-layout-id17_4a031c-d7 > .kt-row-layout-overlay{opacity:0.59;background-color:var(--global-palette9, #ffffff);}@media all and (max-width: 1024px){.kb-row-layout-id17_4a031c-d7 > .kt-row-column-wrap{grid-template-columns:minmax(0, 1fr);}}@media all and (max-width: 767px){.kb-row-layout-id17_4a031c-d7 > .kt-row-column-wrap{grid-template-columns:minmax(0, 1fr);}}<\/style><div class=\"kb-row-layout-wrap kb-row-layout-id17_4a031c-d7 alignfull kt-row-has-bg wp-block-kadence-rowlayout\"><div class=\"kt-row-layout-overlay kt-row-overlay-normal\"><\/div><div class=\"kt-row-column-wrap kt-has-2-columns kt-row-layout-equal kt-tab-layout-row kt-mobile-layout-row kt-row-valign-top kb-theme-content-width\">\n<style>.kadence-column17_a7ffd4-c7 > .kt-inside-inner-col,.kadence-column17_a7ffd4-c7 > .kt-inside-inner-col:before{border-top-left-radius:0px;border-top-right-radius:0px;border-bottom-right-radius:0px;border-bottom-left-radius:0px;}.kadence-column17_a7ffd4-c7 > .kt-inside-inner-col{column-gap:var(--global-kb-gap-sm, 1rem);}.kadence-column17_a7ffd4-c7 > .kt-inside-inner-col{flex-direction:column;}.kadence-column17_a7ffd4-c7 > .kt-inside-inner-col > .aligncenter{width:100%;}.kadence-column17_a7ffd4-c7 > .kt-inside-inner-col:before{opacity:0.3;}.kadence-column17_a7ffd4-c7{position:relative;}@media all and (max-width: 1024px){.kadence-column17_a7ffd4-c7 > .kt-inside-inner-col{flex-direction:column;justify-content:center;}}@media all and (max-width: 767px){.kadence-column17_a7ffd4-c7 > .kt-inside-inner-col{flex-direction:column;justify-content:center;}}<\/style>\n<div class=\"wp-block-kadence-column kadence-column17_a7ffd4-c7 kvs-md-false kvs-sm-false inner-column-1\"><div class=\"kt-inside-inner-col\"><div class=\"wp-block-image\">\n<figure class=\"aligncenter size-full is-resized\"><a href=\"https:\/\/www.sitwell.de\/paradise-l-mit-kopfstuetze\"><img loading=\"lazy\" decoding=\"async\" width=\"1772\" height=\"1772\" src=\"https:\/\/buerostuhl-schweinfurt.de\/wp-content\/uploads\/2026\/02\/buerostuehle-sitwell-steifensand.jpg\" alt=\"\" class=\"wp-image-451\" style=\"aspect-ratio:0.9228670226529604;width:424px;height:auto\" srcset=\"https:\/\/buerostuhl-schweinfurt.de\/wp-content\/uploads\/2026\/02\/buerostuehle-sitwell-steifensand.jpg 1772w, https:\/\/buerostuhl-schweinfurt.de\/wp-content\/uploads\/2026\/02\/buerostuehle-sitwell-steifensand-300x300.jpg 300w, https:\/\/buerostuhl-schweinfurt.de\/wp-content\/uploads\/2026\/02\/buerostuehle-sitwell-steifensand-1024x1024.jpg 1024w, https:\/\/buerostuhl-schweinfurt.de\/wp-content\/uploads\/2026\/02\/buerostuehle-sitwell-steifensand-150x150.jpg 150w, https:\/\/buerostuhl-schweinfurt.de\/wp-content\/uploads\/2026\/02\/buerostuehle-sitwell-steifensand-768x768.jpg 768w, https:\/\/buerostuhl-schweinfurt.de\/wp-content\/uploads\/2026\/02\/buerostuehle-sitwell-steifensand-1536x1536.jpg 1536w\" sizes=\"auto, (max-width: 1772px) 100vw, 1772px\" \/><\/a><\/figure>\n<\/div><\/div><\/div>\n\n\n<style>.kadence-column17_48e993-94 > .kt-inside-inner-col,.kadence-column17_48e993-94 > .kt-inside-inner-col:before{border-top-left-radius:0px;border-top-right-radius:0px;border-bottom-right-radius:0px;border-bottom-left-radius:0px;}.kadence-column17_48e993-94 > .kt-inside-inner-col{column-gap:var(--global-kb-gap-sm, 1rem);}.kadence-column17_48e993-94 > .kt-inside-inner-col{flex-direction:column;}.kadence-column17_48e993-94 > .kt-inside-inner-col > .aligncenter{width:100%;}.kadence-column17_48e993-94 > .kt-inside-inner-col:before{opacity:0.3;}.kadence-column17_48e993-94{position:relative;}@media all and (max-width: 1024px){.kadence-column17_48e993-94 > .kt-inside-inner-col{flex-direction:column;justify-content:center;}}@media all and (max-width: 767px){.kadence-column17_48e993-94 > .kt-inside-inner-col{padding-top:0px;padding-right:0px;padding-bottom:0px;padding-left:0px;flex-direction:column;justify-content:center;}.kadence-column17_48e993-94, .kt-inside-inner-col > .kadence-column17_48e993-94:not(.specificity){margin-top:0px;margin-right:0px;margin-bottom:0px;margin-left:0px;}}<\/style>\n<div class=\"wp-block-kadence-column kadence-column17_48e993-94 inner-column-2\"><div class=\"kt-inside-inner-col\">\n<h2 class=\"wp-block-heading\"><strong>Herzlich willkommen bei der <\/strong><br><strong>SITWELL\u00ae STEIFENSAND AG<\/strong><\/h2>\n\n\n\n<p class=\"has-xxl-60-xl-font-size\">Hinter der <strong>Entwicklung<\/strong> und <strong>Fertigung<\/strong> unserer <strong><a href=\"https:\/\/buerostuhl-schweinfurt.de\/buerostuehle\/\" title=\"\">exklusiven B\u00fcrost\u00fchle<\/a><\/strong> steckt viel mehr als nur Technik \u2013 f\u00fcr uns ist es eine pers\u00f6nliche Mission. Unsere Arbeit wird von <strong>festen Werten<\/strong>, <strong>echter Leidenschaft<\/strong> und einer <strong>langen Tradition<\/strong> getragen. <\/p>\n\n\n\n<p class=\"has-xxl-60-xl-font-size\">Auf dieser Basis entwickeln wir <strong><a href=\"https:\/\/buerostuhl-schweinfurt.de\/ergonomie\/\" title=\"\">ergonomische<\/a> Sitzl\u00f6sungen<\/strong>, die nicht nur durch ihre hohe <strong><a href=\"https:\/\/buerostuhl-schweinfurt.de\/qualitaet\/\" title=\"\">Qualit\u00e4t<\/a><\/strong> \u00fcberzeugen, sondern vor allem Ihr <strong>k\u00f6rperliches Wohlbefinden im Arbeitsalltag f\u00f6rdern<\/strong>. In jedem unserer St\u00fchle vereinen wir die <strong>Erfahrung aus vielen Jahrzehnten<\/strong> mit unserem t\u00e4glichen Anspruch, das Beste f\u00fcr <strong>Ihre Gesundheit<\/strong> zu geben. Setzen auch Sie auf <strong>Qualit\u00e4t<\/strong> und <strong>Ergonomie<\/strong> an Ihrem Arbeitsplatz.<\/p>\n<\/div><\/div>\n\n<\/div><\/div>\n\n\n\n\n<h2 class=\"wp-block-heading has-text-align-center\"><strong>SITWELL\u00ae STEIFENSAND AG:<\/strong><br><strong>Dynamik und Komfort am Arbeitsplatz<\/strong><\/h2>\n\n\n\n<p>Seit Generationen ist die <strong>SITWELL\u00ae STEIFENSAND AG<\/strong> ein Synonym f\u00fcr <strong>gesundes Sitzen<\/strong> und <strong>erstklassige <a href=\"https:\/\/buerostuhl-schweinfurt.de\/qualitaet\/\" title=\"\">Qualit\u00e4t<\/a> \u201eMade in Germany\u201c<\/strong>. Unser zentrales Anliegen ist es, Ihren K\u00f6rper selbst bei langen Schreibtischphasen in <strong>Bewegung<\/strong> zu halten und <strong>starre Sitzhaltungen<\/strong> zu vermeiden. Wir kombinieren <strong>zukunftsweisende Sitzkonzepte<\/strong> mit St\u00fchlen, die sich ganz individuell an <strong>Ihre Bed\u00fcrfnisse<\/strong> anpassen lassen. Durch unser tiefes Verst\u00e4ndnis f\u00fcr moderne Arbeitswelten entwickeln wir L\u00f6sungen, die <strong>Ihre Gesundheit<\/strong> aktiv <strong>unterst\u00fctzen<\/strong> und <strong>Ihr Wohlbefinden steigern<\/strong>. Ein <a href=\"https:\/\/buerostuhl-schweinfurt.de\/ergonomie\/\" title=\"\"><strong>ergonomisch<\/strong><\/a> perfekt abgestimmter B\u00fcrostuhl ist dabei der Schl\u00fcssel zu <strong>mehr Energie<\/strong> und <strong>sp\u00fcrbarer Produktivit\u00e4t<\/strong> im Alltag. Investieren Sie in ein ges\u00fcnderes Arbeitsleben mit Sitzl\u00f6sungen, die exakt zu Ihnen passen.<\/p>\n\n\n<div class=\"wp-block-image\">\n<figure class=\"aligncenter size-full is-resized\"><a href=\"https:\/\/www.sitwell.de\/ortholetic-balance-l-mit-kopfstuetze\"><img loading=\"lazy\" decoding=\"async\" width=\"1408\" height=\"768\" src=\"https:\/\/buerostuhl-schweinfurt.de\/wp-content\/uploads\/2026\/02\/Buerostuhl-Ergonomie-Vergleich.jpg\" alt=\"B\u00fcrostuhl Ergonomie Vergleich\" class=\"wp-image-432\" style=\"aspect-ratio:3\/2;object-fit:contain;width:1028px;height:auto\" srcset=\"https:\/\/buerostuhl-schweinfurt.de\/wp-content\/uploads\/2026\/02\/Buerostuhl-Ergonomie-Vergleich.jpg 1408w, https:\/\/buerostuhl-schweinfurt.de\/wp-content\/uploads\/2026\/02\/Buerostuhl-Ergonomie-Vergleich-300x164.jpg 300w, https:\/\/buerostuhl-schweinfurt.de\/wp-content\/uploads\/2026\/02\/Buerostuhl-Ergonomie-Vergleich-1024x559.jpg 1024w, https:\/\/buerostuhl-schweinfurt.de\/wp-content\/uploads\/2026\/02\/Buerostuhl-Ergonomie-Vergleich-768x419.jpg 768w\" sizes=\"auto, (max-width: 1408px) 100vw, 1408px\" \/><\/a><\/figure>\n<\/div>\n\n<style>.kb-row-layout-id17_f22c6c-6c > .kt-row-column-wrap{align-content:start;}:where(.kb-row-layout-id17_f22c6c-6c > .kt-row-column-wrap) > .wp-block-kadence-column{justify-content:start;}.kb-row-layout-id17_f22c6c-6c > .kt-row-column-wrap{column-gap:var(--global-kb-gap-lg, 4rem);row-gap:var(--global-kb-gap-md, 2rem);max-width:var( --global-content-width, 1290px );padding-left:var(--global-content-edge-padding);padding-right:var(--global-content-edge-padding);padding-bottom:var(--global-kb-spacing-lg, 3rem);}.kb-row-layout-id17_f22c6c-6c > .kt-row-column-wrap > *:nth-child(3n of *:not(style)){grid-column:1 \/ -1;}.kb-row-layout-id17_f22c6c-6c > .kt-row-column-wrap{grid-template-columns:repeat(2, minmax(0, 1fr));}.kb-row-layout-id17_f22c6c-6c > .kt-row-layout-overlay{opacity:0.30;}@media all and (max-width: 1024px){.kb-row-layout-id17_f22c6c-6c > .kt-row-column-wrap{padding-top:var(--global-kb-spacing-xl, 4rem);grid-template-columns:repeat(2, minmax(0, 1fr));}}@media all and (max-width: 1024px){.kb-row-layout-id17_f22c6c-6c > .kt-row-column-wrap > *:nth-child(3n of *:not(style)){grid-column:1 \/ -1;}}@media all and (max-width: 767px){.kb-row-layout-id17_f22c6c-6c > .kt-row-column-wrap{row-gap:var(--global-kb-gap-lg, 4rem);padding-top:var(--global-kb-spacing-xxl, 5rem);grid-template-columns:minmax(0, 1fr);}.kb-row-layout-id17_f22c6c-6c > .kt-row-column-wrap > div:not(.added-for-specificity){grid-column:initial;}}<\/style><div class=\"kb-row-layout-wrap kb-row-layout-id17_f22c6c-6c alignfull has-theme-palette9-background-color kt-row-has-bg wp-block-kadence-rowlayout\"><div class=\"kt-row-column-wrap kt-has-3-columns kt-row-layout-last-row kt-tab-layout-inherit kt-mobile-layout-row kt-row-valign-top kb-theme-content-width\">\n<style>.kadence-column17_ba204f-91 > .kt-inside-inner-col,.kadence-column17_ba204f-91 > .kt-inside-inner-col:before{border-top-left-radius:0px;border-top-right-radius:0px;border-bottom-right-radius:0px;border-bottom-left-radius:0px;}.kadence-column17_ba204f-91 > .kt-inside-inner-col{column-gap:var(--global-kb-gap-sm, 1rem);}.kadence-column17_ba204f-91 > .kt-inside-inner-col{flex-direction:column;}.kadence-column17_ba204f-91 > .kt-inside-inner-col > .aligncenter{width:100%;}.kadence-column17_ba204f-91 > .kt-inside-inner-col:before{opacity:0.3;}.kadence-column17_ba204f-91{position:relative;}@media all and (max-width: 1024px){.kadence-column17_ba204f-91 > .kt-inside-inner-col{padding-top:0%;flex-direction:column;justify-content:center;}}@media all and (max-width: 767px){.kadence-column17_ba204f-91 > .kt-inside-inner-col{flex-direction:column;justify-content:center;}}<\/style>\n<div class=\"wp-block-kadence-column kadence-column17_ba204f-91 inner-column-1\"><div class=\"kt-inside-inner-col\">\n<h2 class=\"wp-block-heading\"><strong>Unsere Motivation f\u00fcr Ihren Komfort<\/strong><\/h2>\n\n\n\n<p>Wir entwickeln <strong>zukunftsweisende Konzepte<\/strong> f\u00fcr B\u00fcrost\u00fchle, die <strong>aktuelle ergonomische Erkenntnisse<\/strong> mit <strong>h\u00f6chster Bequemlichkeit<\/strong> vereinen. Unsere erstklassigen Sitzm\u00f6bel sind so gestaltet, dass sie nat\u00fcrliche Bewegungsabl\u00e4ufe und ein<strong> aktives<\/strong>, <strong>dreidimensionales Sitzen f\u00f6rdern<\/strong>. Dadurch wird Ihre <strong>Haltung im B\u00fcro sp\u00fcrbar verbessert<\/strong> und Ihr <strong>k\u00f6rperliches Befinden aktiv unterst\u00fctzt<\/strong>.<\/p>\n\n\n\n<p>Das wichtigste Ziel bei der Entwicklung unserer <strong><a href=\"https:\/\/www.sitwell.de\/buerostuehle\/\" title=\"\">ergonomischen Drehst\u00fchle<\/a><\/strong> und <strong><a href=\"https:\/\/www.sitwell.de\/chefsessel\/\" title=\"\">exklusiven Chefsessel<\/a><\/strong> ist die <strong>Zufriedenheit unserer Kunden<\/strong>. Ein besonderes Merkmal der Marke <strong>SITWELL\u00ae<\/strong> <strong>STEIFENSAND<\/strong> ist dabei die <strong>pers\u00f6nliche Anpassbarkeit<\/strong> Ihrer Sitzl\u00f6sung. Wir wissen, dass jeder Mensch und jeder Arbeitsplatz individuelle Anspr\u00fcche stellt.<\/p>\n\n\n\n<p>In unserer <strong>eigenen Manufaktur und Polsterei<\/strong> setzen wir <strong>Ihre W\u00fcnsche<\/strong> pr\u00e4zise um. Ob es um eine bestimmte Stoffauswahl oder eine komplette Ma\u00dfanfertigung geht \u2013 wir produzieren <strong>hochwertige B\u00fcrost\u00fchle<\/strong>, die <strong>genau auf Sie zugeschnitten<\/strong> sind. Mit einer personalisierten L\u00f6sung investieren Sie langfristig in <strong>Ihre Gesundheit<\/strong> und steigern <strong>Ihre Leistungsf\u00e4higkeit<\/strong> durch optimale <strong><a href=\"https:\/\/buerostuhl-schweinfurt.de\/ergonomie\/\" title=\"\">Ergonomie<\/a><\/strong>, auch an langen Arbeitstagen.<\/p>\n<\/div><\/div>\n\n\n<style>.kadence-column17_226c6e-4c > .kt-inside-inner-col,.kadence-column17_226c6e-4c > .kt-inside-inner-col:before{border-top-left-radius:0px;border-top-right-radius:0px;border-bottom-right-radius:0px;border-bottom-left-radius:0px;}.kadence-column17_226c6e-4c > .kt-inside-inner-col{column-gap:var(--global-kb-gap-sm, 1rem);}.kadence-column17_226c6e-4c > .kt-inside-inner-col{flex-direction:column;}.kadence-column17_226c6e-4c > .kt-inside-inner-col > .aligncenter{width:100%;}.kadence-column17_226c6e-4c > .kt-inside-inner-col:before{opacity:0.3;}.kadence-column17_226c6e-4c{position:relative;}@media all and (max-width: 1024px){.kadence-column17_226c6e-4c > .kt-inside-inner-col{padding-top:0%;flex-direction:column;justify-content:center;}}@media all and (max-width: 767px){.kadence-column17_226c6e-4c > .kt-inside-inner-col{flex-direction:column;justify-content:center;}}<\/style>\n<div class=\"wp-block-kadence-column kadence-column17_226c6e-4c inner-column-1\"><div class=\"kt-inside-inner-col\">\n<h2 class=\"wp-block-heading\"><strong>Unsere Vision f\u00fcr eine nachhaltige Zukunft<\/strong><\/h2>\n\n\n\n<p><strong>Umweltschutz<\/strong> ist f\u00fcr uns weit mehr als ein aktueller Trend \u2013 er bildet den <strong>Kern unserer Firmenphilosophie<\/strong>. Wir \u00fcbernehmen Verantwortung f\u00fcr die <strong>Gesellschaft<\/strong>, den <strong>Schutz der Tierwelt<\/strong> und den <strong>Erhalt unseres Planeten<\/strong>. Daher legen wir bei der Herstellung unserer <strong><a href=\"\/buerostuehle\/\" title=\"\">B\u00fcrost\u00fchle<\/a><\/strong> gr\u00f6\u00dften Wert auf die <strong>Verwendung von besonders robusten und langlebigen Werkstoffen<\/strong>. Bei der Produktion von Kunststoffkomponenten nutzen wir konsequent <strong>recyceltes Granulat,<\/strong> um den Wertstoffkreislauf effektiv zu schlie\u00dfen und die Kreislaufwirtschaft aktiv zu unterst\u00fctzen.<\/p>\n\n\n\n<p>Zudem stellen wir sicher, dass unsere verwendeten Schaumstoffe <strong>v\u00f6llig unbedenklich f\u00fcr die Gesundheit<\/strong> sind und <strong>keine sch\u00e4dlichen Stoffe<\/strong> enthalten. Mit der Wahl eines nachhaltigen <strong>SITWELL\u00ae Ergonomie-<\/strong><a href=\"\/buerostuehle\/\" title=\"\"><strong>B\u00fcrostuhls<\/strong><\/a> leisten Sie einen wertvollen Beitrag zum <strong>Klimaschutz<\/strong> und zur <strong>Schonung nat\u00fcrlicher Ressourcen<\/strong>. So verbinden Sie <strong>\u00f6kologisches Bewusstsein<\/strong> mit <strong>erstklassiger <a href=\"https:\/\/buerostuhl-schweinfurt.de\/qualitaet\/\" title=\"\">Qualit\u00e4t<\/a><\/strong> und <strong>maximalem Sitzkomfort<\/strong>. Setzen Sie ein Zeichen f\u00fcr die Umwelt \u2013 ganz ohne Kompromisse bei der Wertigkeit Ihres Arbeitsplatzes.<\/p>\n<\/div><\/div>\n\n\n<style>.kadence-column17_7e88c9-02 > .kt-inside-inner-col,.kadence-column17_7e88c9-02 > .kt-inside-inner-col:before{border-top-left-radius:0px;border-top-right-radius:0px;border-bottom-right-radius:0px;border-bottom-left-radius:0px;}.kadence-column17_7e88c9-02 > .kt-inside-inner-col{column-gap:var(--global-kb-gap-sm, 1rem);}.kadence-column17_7e88c9-02 > .kt-inside-inner-col{flex-direction:column;}.kadence-column17_7e88c9-02 > .kt-inside-inner-col > .aligncenter{width:100%;}.kadence-column17_7e88c9-02 > .kt-inside-inner-col:before{opacity:0.3;}.kadence-column17_7e88c9-02{position:relative;}@media all and (max-width: 1024px){.kadence-column17_7e88c9-02 > .kt-inside-inner-col{flex-direction:column;justify-content:center;}}@media all and (max-width: 767px){.kadence-column17_7e88c9-02 > .kt-inside-inner-col{flex-direction:column;justify-content:center;}}<\/style>\n<div class=\"wp-block-kadence-column kadence-column17_7e88c9-02\"><div class=\"kt-inside-inner-col\"><div class=\"wp-block-image\">\n<figure class=\"aligncenter size-full\"><a href=\"https:\/\/www.sitwell.de\/buerostuehle\/buerostuehle-fuer-kinder\/\"><img loading=\"lazy\" decoding=\"async\" width=\"1024\" height=\"535\" src=\"https:\/\/buerostuhl-schweinfurt.de\/wp-content\/uploads\/2026\/02\/Buerostuehle-fuer-Schulanfaenger-Kinder.jpg\" alt=\"\" class=\"wp-image-470\" srcset=\"https:\/\/buerostuhl-schweinfurt.de\/wp-content\/uploads\/2026\/02\/Buerostuehle-fuer-Schulanfaenger-Kinder.jpg 1024w, https:\/\/buerostuhl-schweinfurt.de\/wp-content\/uploads\/2026\/02\/Buerostuehle-fuer-Schulanfaenger-Kinder-300x157.jpg 300w, https:\/\/buerostuhl-schweinfurt.de\/wp-content\/uploads\/2026\/02\/Buerostuehle-fuer-Schulanfaenger-Kinder-768x401.jpg 768w\" sizes=\"auto, (max-width: 1024px) 100vw, 1024px\" \/><\/a><\/figure>\n<\/div>\n\n\n<h2 class=\"wp-block-heading has-text-align-center\"><strong>Nachhaltigkeit und <a href=\"\/qualitaet\/\" title=\"\">Qualit\u00e4t<\/a>: Ihr neuer <a href=\"\/buerostuehle\/\" title=\"\">B\u00fcrostuhl<\/a><\/strong><\/h2>\n\n\n\n<p class=\"has-text-align-left\">Die Verschmelzung von <strong>\u00f6kologischem Bewusstsein<\/strong> und <strong>erstklassiger Verarbeitung<\/strong> ist der Grundpfeiler bei der Gestaltung unserer <a href=\"\/buerostuehle\/\" title=\"\">B\u00fcrost\u00fchle<\/a>. Um dem Tierschutz gerecht zu werden, verwenden wir bevorzugt innovatives <strong>Bonded Leather<\/strong> \u2013 ein hochwertiges Material aus recycelten Lederfasern. Sollte die Wahl auf echtes Leder fallen, stellen wir durch die Zertifizierung mit dem \u201e<strong>Blauen Engel<\/strong>\u201c sicher, dass strengste Umweltvorgaben eingehalten werden.<br>Unser Engagement f\u00fcr die Natur umfasst auch den Versand: Wir nutzen ausschlie\u00dflich Verpackungen aus umweltfreundlichen Materialien. Als <strong>offizieller Partner des Gr\u00fcnen Punkts<\/strong> f\u00f6rdern wir zudem aktiv ein funktionierendes Recyclingsystem.<\/p>\n\n\n\n<p class=\"has-text-align-left\"><br>Wir setzen auf kurze Wege und eine klimafreundliche Logistik, um Ihren <a href=\"\/ergonomie\/\" title=\"\"><strong>ergonomischen<\/strong> <strong>B\u00fcrostuhl<\/strong><\/a><strong> CO2-neutral<\/strong> direkt an Ihren Wunschort zu liefern. Ein faires Miteinander und der Schutz unseres Planeten sind fest in unserer Unternehmensidentit\u00e4t verankert. Treffen Sie eine Entscheidung mit gutem Gef\u00fchl: W\u00e4hlen Sie einen Stuhl, der h\u00f6chsten Komfort und gesunde Ergonomie mit \u00f6kologischer Aufrichtigkeit und langlebiger <a href=\"\/qualitaet\/\" title=\"\">Qualit\u00e4t<\/a> verbindet.<\/p>\n<\/div><\/div>\n\n<\/div><\/div>\n\n\n<hr class=\"wp-block-separator has-alpha-channel-opacity\"\/>\n\n\n<style>.wp-block-kadence-advancedheading.kt-adv-heading17_2b43e4-9a, .wp-block-kadence-advancedheading.kt-adv-heading17_2b43e4-9a[data-kb-block=\"kb-adv-heading17_2b43e4-9a\"]{text-align:center;font-style:normal;}.wp-block-kadence-advancedheading.kt-adv-heading17_2b43e4-9a mark.kt-highlight, .wp-block-kadence-advancedheading.kt-adv-heading17_2b43e4-9a[data-kb-block=\"kb-adv-heading17_2b43e4-9a\"] mark.kt-highlight{font-style:normal;color:#f76a0c;-webkit-box-decoration-break:clone;box-decoration-break:clone;padding-top:0px;padding-right:0px;padding-bottom:0px;padding-left:0px;}.wp-block-kadence-advancedheading.kt-adv-heading17_2b43e4-9a img.kb-inline-image, .wp-block-kadence-advancedheading.kt-adv-heading17_2b43e4-9a[data-kb-block=\"kb-adv-heading17_2b43e4-9a\"] img.kb-inline-image{width:150px;vertical-align:baseline;}<\/style>\n<h4 class=\"kt-adv-heading17_2b43e4-9a wp-block-kadence-advancedheading\" data-kb-block=\"kb-adv-heading17_2b43e4-9a\"><strong>Sitzen Sie gesund und mit Genuss. <em>Just SITWELL\u00ae.<\/em><\/strong><\/h4>\n\n\n\n<div style=\"height:100px\" aria-hidden=\"true\" class=\"wp-block-spacer\"><\/div>\n\n\n\n<p><\/p>\n","protected":false},"excerpt":{"rendered":"<p>Herzlich willkommen bei der SITWELL\u00ae STEIFENSAND AG Hinter der Entwicklung und Fertigung unserer exklusiven B\u00fcrost\u00fchle steckt viel mehr als nur Technik \u2013 f\u00fcr uns ist es eine pers\u00f6nliche Mission. Unsere Arbeit wird von festen Werten, echter Leidenschaft und einer langen Tradition getragen. Auf dieser Basis entwickeln wir ergonomische Sitzl\u00f6sungen, die nicht nur durch ihre hohe&#8230;<\/p>\n","protected":false},"author":1,"featured_media":0,"parent":0,"menu_order":0,"comment_status":"closed","ping_status":"closed","template":"","meta":{"_kb_optimizer_status":2,"_kad_post_transparent":"","_kad_post_title":"","_kad_post_layout":"","_kad_post_sidebar_id":"","_kad_post_content_style":"","_kad_post_vertical_padding":"","_kad_post_feature":"","_kad_post_feature_position":"","_kad_post_header":false,"_kad_post_footer":false,"_kad_post_classname":"","footnotes":""},"class_list":["post-17","page","type-page","status-publish","hentry"],"aioseo_notices":[],"_links":{"self":[{"href":"https:\/\/buerostuhl-schweinfurt.de\/index.php?rest_route=\/wp\/v2\/pages\/17","targetHints":{"allow":["GET"]}}],"collection":[{"href":"https:\/\/buerostuhl-schweinfurt.de\/index.php?rest_route=\/wp\/v2\/pages"}],"about":[{"href":"https:\/\/buerostuhl-schweinfurt.de\/index.php?rest_route=\/wp\/v2\/types\/page"}],"author":[{"embeddable":true,"href":"https:\/\/buerostuhl-schweinfurt.de\/index.php?rest_route=\/wp\/v2\/users\/1"}],"replies":[{"embeddable":true,"href":"https:\/\/buerostuhl-schweinfurt.de\/index.php?rest_route=%2Fwp%2Fv2%2Fcomments&post=17"}],"version-history":[{"count":5,"href":"https:\/\/buerostuhl-schweinfurt.de\/index.php?rest_route=\/wp\/v2\/pages\/17\/revisions"}],"predecessor-version":[{"id":610,"href":"https:\/\/buerostuhl-schweinfurt.de\/index.php?rest_route=\/wp\/v2\/pages\/17\/revisions\/610"}],"wp:attachment":[{"href":"https:\/\/buerostuhl-schweinfurt.de\/index.php?rest_route=%2Fwp%2Fv2%2Fmedia&parent=17"}],"curies":[{"name":"wp","href":"https:\/\/api.w.org\/{rel}","templated":true}]}}