{"id":8,"date":"2026-02-06T10:27:57","date_gmt":"2026-02-06T09:27:57","guid":{"rendered":"https:\/\/buerostuhl-schweinfurt.de\/?page_id=8"},"modified":"2026-02-06T10:27:58","modified_gmt":"2026-02-06T09:27:58","slug":"impressum","status":"publish","type":"page","link":"https:\/\/buerostuhl-schweinfurt.de\/?page_id=8","title":{"rendered":"Impressum"},"content":{"rendered":"\n<h1 class=\"wp-block-heading\"><strong>Impressum<\/strong><\/h1>\n\n\n\n<p>SITWELL STEIFENSAND AG<\/p>\n\n\n\n<p>Sperbersloher Str. 124<br>90530 Wendelstein (bei N\u00fcrnberg)<br>Deutschland<br><br>Telefon:&nbsp;<a href=\"tel:09129406790\">09129-40679-0<\/a><br>Fax: 09129-270641<br>Email:&nbsp;<a href=\"mailto:info@sitwell.de\">info@sitwell.de<\/a><br>Internet:<a href=\"http:\/\/www.sitwell.de\/\">&nbsp;www.sitwell.de<\/a><\/p>\n\n\n\n<p>Vertretungsberechtigter Vorstand: Gernot M. Steifensand<br>Vorsitzender des Aufsichtsrates: Dr. med. Peter Stehle<br><br>Handelsregister: Amtsgericht N\u00fcrnberg, HRB 26660<br>Umsatzsteuer-Identifikationsnummer: DE 272346920<\/p>\n\n\n\n<p><strong>Neuer Showroom mit gro\u00dfem Werksverkauf<br>Moderne Ausstellung inkl. Probesitzen, Beratung und Verkauf in Wendelstein<br>\u00d6ffnungszeiten: Montag bis Freitag 8 \u2013 18 Uhr, Samstag 9.30 \u2013 13 Uhr<\/strong><\/p>\n\n\n\n<p>Eine vorherige Terminvereinbarung ist nicht erforderlich.<a href=\"https:\/\/www.sitwell.de\/dream\"><\/a><\/p>\n\n\n\n<h4 class=\"wp-block-heading\"><strong><br>Hinweis gem. \u00a7 36 Verbraucherstreitbeilegungsgesetz (VSBG):<\/strong><\/h4>\n\n\n\n<p>Wir nehmen an einem Streitbeilegungsverfahren vor einer Verbraucherschlichtungsstelle im Sinne des VSBG nicht teil und sind hierzu auch nicht verpflichtet. Die Informationspflicht gem. \u00a7 36 VSBG im Falle der Nichtteilnahme an Streitbeilegungsverfahren vor einer Verbraucherschlichtungsstelle ist mit der Verwendung des vorgenannten Hinweises in den AGB und\/oder Webseite erf\u00fcllt.<\/p>\n\n\n\n<p>Online-Streitbeilegung gem. Art. 14 Abs. 1 ODR-VO: Die Europ\u00e4ische Kommission stellt eine Plattform zur Online-Streitbeilegung (OS) bereit, die Sie unter http:\/\/ec.europa.eu\/consumers\/odr\/ finden.<\/p>\n\n\n\n<h4 class=\"wp-block-heading\"><strong>Datenschutz:<\/strong><\/h4>\n\n\n\n<p>Bei Fragen zur Erhebung, Verarbeitung oder Nutzung Ihrer personenbezogenen Daten, bei Ausk\u00fcnften, Berichtigung, Sperrung oder L\u00f6schung von Daten sowie Widerruf ggf. erteilter Einwilligungen oder Widerspruch gegen eine bestimmte Datenverwendung wenden Sie sich bitte an:<br><br>SITWELL STEIFENSAND AG, Frau Kerstin Fuchs, Sperbersloher Str. 124, 90530 Wendelstein<\/p>\n\n\n\n<h4 class=\"wp-block-heading\"><strong>Haftung f\u00fcr Inhalte:<\/strong><\/h4>\n\n\n\n<p>Die Inhalte unserer Seite sind mit gr\u00f6\u00dfter Sorgfalt erstellt worden. F\u00fcr die Richtigkeit, Vollst\u00e4ndigkeit und Aktualit\u00e4t der Inhalte k\u00f6nnen wir jedoch keine Gew\u00e4hr \u00fcbernehmen. Jegliche Haftung, insbesondere f\u00fcr Sch\u00e4den oder Konsequenzen, die sich durch den angebotenen Inhalt ergeben, ist ausgeschlossen.<\/p>\n\n\n\n<p>Als Diensteanbieter sind wir gem. \u00a7 7 Abs. 1 TMG f\u00fcr eigene Inhalte auf diesen Seiten nach den allgemeinen Gesetzen verantwortlich. Nach \u00a7\u00a7 8 bis 10 TMG sind wir als Diensteanbieter jedoch nicht verpflichtet, \u00fcbermittelte oder gespeicherte fremde Informationen zu \u00fcberwachen oder nach Umst\u00e4nden zu forschen, die auf eine rechtswidrige T\u00e4tigkeit hinweisen. Verpflichtungen zur Entfernung oder Sperrung der Nutzung von Informationen nach den allgemeinen Gesetzen bleiben hiervon unber\u00fchrt. Eine diesbez\u00fcgliche Haftung ist jedoch erst ab dem Zeitpunkt der Kenntnis einer konkreten Rechtsverletzung m\u00f6glich. Bei Bekanntwerden von entsprechenden Rechtsverletzungen werden wir diese Inhalte unverz\u00fcglich entfernen.<\/p>\n\n\n\n<h4 class=\"wp-block-heading\"><strong>Haftung f\u00fcr Links:<\/strong><\/h4>\n\n\n\n<p>Wir distanzieren uns ausdr\u00fccklich von Inhalten der Seiten anderer Anbieter, die durch Links oder Banner mit dieser Webseite verbunden sind und auf deren Inhalte und Gestaltung wir keinerlei Einfluss haben.<\/p>\n\n\n\n<p>F\u00fcr die Inhalte der verlinkten Seiten ist stets der jeweilige Anbieter oder Betreiber der Seiten verantwortlich. Wir \u00fcbernehmen hierf\u00fcr keine Gew\u00e4hr.<\/p>\n\n\n\n<h4 class=\"wp-block-heading\"><strong>Copyright Hinweise:<\/strong><\/h4>\n\n\n\n<p>Alle Logos, Bilder und Hinweise sind Eigentum der jeweiligen Hersteller und Distributoren. Alle Abbildungen werden mit ausdr\u00fccklicher Genehmigung durch die jeweiligen Eigent\u00fcmer genutzt.<\/p>\n\n\n\n<p>Inhalte dieser Seiten (besonders Java-Skripte, Bilder und PDF-Dateien) sind urheberrechtlich gesch\u00fctzt und d\u00fcrfen nur mit ausdr\u00fccklicher schriftlicher Genehmigung des B\u00fcrodrehstuhl Herstellers SITWELL STEIFENSAND AG mit Sitz in Wendelstein verwendet werden.<\/p>\n\n\n\n<p>Technische \u00c4nderungen vorbehalten.<\/p>\n\n\n\n<p><\/p>\n","protected":false},"excerpt":{"rendered":"<p>Impressum SITWELL STEIFENSAND AG Sperbersloher Str. 12490530 Wendelstein (bei N\u00fcrnberg)Deutschland Telefon:&nbsp;09129-40679-0Fax: 09129-270641Email:&nbsp;info@sitwell.deInternet:&nbsp;www.sitwell.de Vertretungsberechtigter Vorstand: Gernot M. SteifensandVorsitzender des Aufsichtsrates: Dr. med. Peter Stehle Handelsregister: Amtsgericht N\u00fcrnberg, HRB 26660Umsatzsteuer-Identifikationsnummer: DE 272346920 Neuer Showroom mit gro\u00dfem WerksverkaufModerne Ausstellung inkl. Probesitzen, Beratung und Verkauf in Wendelstein\u00d6ffnungszeiten: Montag bis Freitag 8 \u2013 18 Uhr, Samstag 9.30 \u2013 13 Uhr&#8230;<\/p>\n","protected":false},"author":1,"featured_media":0,"parent":0,"menu_order":0,"comment_status":"closed","ping_status":"closed","template":"","meta":{"_kb_optimizer_status":0,"_kad_post_transparent":"","_kad_post_title":"","_kad_post_layout":"","_kad_post_sidebar_id":"","_kad_post_content_style":"","_kad_post_vertical_padding":"","_kad_post_feature":"","_kad_post_feature_position":"","_kad_post_header":false,"_kad_post_footer":false,"_kad_post_classname":"","footnotes":""},"class_list":["post-8","page","type-page","status-publish","hentry"],"aioseo_notices":[],"_links":{"self":[{"href":"https:\/\/buerostuhl-schweinfurt.de\/index.php?rest_route=\/wp\/v2\/pages\/8","targetHints":{"allow":["GET"]}}],"collection":[{"href":"https:\/\/buerostuhl-schweinfurt.de\/index.php?rest_route=\/wp\/v2\/pages"}],"about":[{"href":"https:\/\/buerostuhl-schweinfurt.de\/index.php?rest_route=\/wp\/v2\/types\/page"}],"author":[{"embeddable":true,"href":"https:\/\/buerostuhl-schweinfurt.de\/index.php?rest_route=\/wp\/v2\/users\/1"}],"replies":[{"embeddable":true,"href":"https:\/\/buerostuhl-schweinfurt.de\/index.php?rest_route=%2Fwp%2Fv2%2Fcomments&post=8"}],"version-history":[{"count":1,"href":"https:\/\/buerostuhl-schweinfurt.de\/index.php?rest_route=\/wp\/v2\/pages\/8\/revisions"}],"predecessor-version":[{"id":9,"href":"https:\/\/buerostuhl-schweinfurt.de\/index.php?rest_route=\/wp\/v2\/pages\/8\/revisions\/9"}],"wp:attachment":[{"href":"https:\/\/buerostuhl-schweinfurt.de\/index.php?rest_route=%2Fwp%2Fv2%2Fmedia&parent=8"}],"curies":[{"name":"wp","href":"https:\/\/api.w.org\/{rel}","templated":true}]}}